{"id":100,"date":"2024-03-05T12:03:09","date_gmt":"2024-03-05T11:03:09","guid":{"rendered":"http:\/\/glocknerstrasse.at.w01eda0f.kasserver.com\/?page_id=100"},"modified":"2025-02-26T08:09:55","modified_gmt":"2025-02-26T07:09:55","slug":"mautgebuehren","status":"publish","type":"page","link":"https:\/\/glocknerstrasse.at\/en\/mautgebuehren\/","title":{"rendered":"Toll fee"},"content":{"rendered":"<h3>Mautgeb\u00fchren &#8211; Gro\u00dfglockner Stra\u00dfe Kals<\/h3>\n\t\t<h2>PKW, LKW, Bus &#038; Wohnwagen<\/h2>\n\t\t\t<p>Seit dem Sommer 2017 und der Neugestaltung des Parkplatz Glocknerwinkel haben sich einige Neuerungen f\u00fcr unsere Besucher ergeben: Die Einhebung der Maut f\u00fcr die Gro\u00dfglocknerstra\u00dfe Kals erfolgt nun durch L\u00f6sen eines Tickets.Bei der Auffahrt, auf dem Parkplatz und an der Mautstelle selbst sind Kassenautomaten installiert, an denen die f\u00e4llige Geb\u00fchr bezahlt werden kann.Jahreskarten sind im Gemeindeamt von Montag bis Freitag von 08:00 &#8211; 12:00 Uhr erh\u00e4ltlich und k\u00f6nnen auch per Post gegen ein Entgelt von \u20ac 2,00 in \u00d6sterreich zugeschickt werden.<\/p>\t\t\n<h2>\n\t\tRates\n\t<\/h2>\n\t\t<ul>\n\t\t\t\t\t<li>\n\t\t\t\t<h4>Vehicle up to 9 persons:<\/h4>\n\t\t<p>&#8211; bis drei Stunden: <strong>\u20ac 6,-<br \/><\/strong>&#8211; bis sechs Stunden: <strong>\u20ac 10,-<br \/><\/strong>&#8211; bis 24 Stunden: <strong>\u20ac 15,-<br \/><\/strong>&#8211; \u00fcber 24 Stunden: <strong>\u20ac 18,-<br \/><\/strong>&#8211; Auf-Abfahrtticket f\u00fcr sieben Tage: <strong>\u20ac 22,-<br \/><\/strong>&#8211; Auf-Abfahrtticket f\u00fcr 14 Tage: <strong>\u20ac 27,-<\/strong><\/p>\t\t\t\n\t\t\t<\/li>\n\t\t\t\t\t<li>\n\t\t\t\t<h4>Bus up to 8 m length, Camper Van higher than 2,4 m<\/h4>\n\t\t<p>(gilt auch f\u00fcr Liefer- und Kastenwagen)- bis 8 Stunden: <strong>\u20ac 12,-<br \/><\/strong>&#8211; \u00fcber 8 Stunden: <strong>\u20ac 35,-<\/strong><\/p>\t\t\t\n\t\t\t<\/li>\n\t\t\t\t\t<li>\n\t\t\t\t<h4>Bus more than 8 m length:<\/h4>\n\t\t<p><strong>\u20ac 70,-<\/strong><\/p>\t\t\t\n\t\t\t<\/li>\n\t\t\t\t\t<li>\n\t\t\t\t<h4>Annual ticket for cars:<\/h4>\n\t\t<p><strong>\u20ac 55,- + one-time-fee of \u20ac 15,- for transmitter<\/strong> (transmitter can be re-used every year)<\/p>\t\t\t\n\t\t\t<\/li>\n\t\t\t\t<\/ul>\n<h2>\n\t\tUnd so funktioniert&#8217;s:\n\t<\/h2>\n\t\t<h3>Arrival:<\/h3>\n\t\t\t<p>Bei der Hinfahrt ein Ticket an der Mautstelle ziehen.(Die Mautstelle liegt ca. 5 km nach der Auffahrt auf die Kalser Glocknerstra\u00dfe.)<\/p>\t\t\n\t\t<h3>Departure:<\/h3>\n\t\t\t<p>Ticket vor der R\u00fcckfahrt bei den Kassenautomaten am Parkplatz oder an der Mautstelle entwerten.Die Ausfahrtszeit betr\u00e4gt 30 min.<\/p>\t\t\n\t<p class=\"translation-block\">For overnight guests of the neighbouring businesses (only cars up to 2.4 m) we offer up\/down tickets. This allows you to drive up and down for 7 or 14 days. Just take a ticket when you drive up, then select the \"7\/14 day ticket\" option at the ticket machine and pay.<\/p>\n\t <div class=\"brlbs-cmpnt-container brlbs-cmpnt-content-blocker brlbs-cmpnt-with-individual-styles\" data-borlabs-cookie-content-blocker-id=\"google-maps\" data-borlabs-cookie-content=\"PGlmcmFtZSBzcmM9Imh0dHBzOi8vd3d3Lmdvb2dsZS5jb20vbWFwcy9lbWJlZD9wYj0hMW0xOCExbTEyITFtMyExZDE2NjMxMi43NzczNDQ5NTQzNyEyZDEyLjUwMzEzNTg1OTQ4MDM3NSEzZDQ2Ljk4OTI5OTE0NjEzNDg0ITJtMyExZjAhMmYwITNmMCEzbTIhMWkxMDI0ITJpNzY4ITRmMTMuMSEzbTMhMW0yITFzMHg0Nzc3NmRiZWEyNDY4ODg1JTNBMHgxOTFmOWU4ZTQ3MmIyNzc1ITJzS2Fsc2VyJTIwR2xvY2tuZXJzdHJhJUMzJTlGZSE1ZTAhM20yITFzZGUhMnNhdCE0djE3MDk2MzIxMjQ1NTQhNW0yITFzZGUhMnNhdCIgd2lkdGg9IjMwMDAiIGhlaWdodD0iNDUwIiBhbGxvd2Z1bGxzY3JlZW49IiIgbG9hZGluZz0ibGF6eSIgcmVmZXJyZXJwb2xpY3k9Im5vLXJlZmVycmVyLXdoZW4tZG93bmdyYWRlIj48L2lmcmFtZT4=\"><div class=\"brlbs-cmpnt-cb-preset-b brlbs-cmpnt-cb-google-maps\"> <div class=\"brlbs-cmpnt-cb-thumbnail\" style=\"background-image: url('https:\/\/glocknerstrasse.at\/wp-content\/uploads\/borlabs-cookie\/1\/brlbs-cb-google-maps-main.png')\"><\/div> <div class=\"brlbs-cmpnt-cb-main\"> <div class=\"brlbs-cmpnt-cb-content\"> <p class=\"brlbs-cmpnt-cb-description\">You are currently viewing a placeholder content from <strong>Google Maps<\/strong>. To access the actual content, click the button below. Please note that doing so will share data with third-party providers.<\/p> <a class=\"brlbs-cmpnt-cb-provider-toggle\" href=\"#\" data-borlabs-cookie-show-provider-information role=\"button\">More Information<\/a> <\/div> <div class=\"brlbs-cmpnt-cb-buttons\"> <a class=\"brlbs-cmpnt-cb-btn\" href=\"#\" data-borlabs-cookie-unblock role=\"button\">Unblock content<\/a> <a class=\"brlbs-cmpnt-cb-btn\" href=\"#\" data-borlabs-cookie-accept-service role=\"button\" style=\"display: inherit\">Accept required service and unblock content<\/a> <\/div> <\/div> <\/div><\/div>","protected":false},"excerpt":{"rendered":"<p>Mautgeb\u00fchren &#8211; Gro\u00dfglockner Stra\u00dfe Kals PKW, LKW, Bus &#038; Wohnwagen Seit dem Sommer 2017 und der Neugestaltung des Parkplatz Glocknerwinkel haben sich einige Neuerungen f\u00fcr unsere Besucher ergeben: Die Einhebung der Maut f\u00fcr die Gro\u00dfglocknerstra\u00dfe Kals erfolgt nun durch L\u00f6sen eines Tickets.Bei der Auffahrt, auf dem Parkplatz und an der Mautstelle selbst sind Kassenautomaten installiert, [&hellip;]<\/p>","protected":false},"author":2,"featured_media":0,"parent":0,"menu_order":0,"comment_status":"closed","ping_status":"closed","template":"","meta":{"_seopress_robots_primary_cat":"","_seopress_titles_title":"Mautgeb\u00fchren - Kalser Glocknerstra\u00dfe","_seopress_titles_desc":"Alle aktuellen Maut-Tarife f\u00fcr PKW, Bus und Wohnwagen f\u00fcr die Befahrung der Gro\u00dfglocknerstra\u00dfe Kals in Osttirol.","_seopress_robots_index":"","footnotes":""},"class_list":["post-100","page","type-page","status-publish","hentry"],"blocksy_meta":{"content_style_source":"inherit","has_hero_section":"disabled","hero_elements":[{"id":"custom_title","enabled":true,"heading_tag":"h1","title":"Startseite","__id":"uqOY8MvCGfj42fbveBHkV"},{"id":"custom_description","enabled":true,"description_visibility":{"desktop":true,"tablet":true,"mobile":false},"__id":"SzlqnSiIUetgzXRrruwK1"},{"id":"custom_meta","enabled":false,"meta_elements":[{"id":"author","enabled":true,"label":"Von","has_author_avatar":"yes","avatar_size":25},{"id":"post_date","enabled":true,"label":"Am","date_format_source":"default","date_format":"M j, Y"},{"id":"updated_date","enabled":false,"label":"Am","date_format_source":"default","date_format":"M j, Y"},{"id":"categories","enabled":false,"label":"In","style":"simple"},{"id":"comments","enabled":true}],"page_meta_elements":{"joined":true,"articles_count":true,"comments":true},"__id":"imOmY_Z_8fqhscVd82ITF"},{"id":"breadcrumbs","enabled":false,"__id":"GwUQhqK2gt0JreskgfQ-E"},{"id":"content-block","enabled":false,"__id":"y745EPtgxAGiybq-Stv4a"}],"styles_descriptor":{"styles":{"desktop":"","tablet":"","mobile":""},"google_fonts":[],"version":6}},"_links":{"self":[{"href":"https:\/\/glocknerstrasse.at\/en\/wp-json\/wp\/v2\/pages\/100","targetHints":{"allow":["GET"]}}],"collection":[{"href":"https:\/\/glocknerstrasse.at\/en\/wp-json\/wp\/v2\/pages"}],"about":[{"href":"https:\/\/glocknerstrasse.at\/en\/wp-json\/wp\/v2\/types\/page"}],"author":[{"embeddable":true,"href":"https:\/\/glocknerstrasse.at\/en\/wp-json\/wp\/v2\/users\/2"}],"replies":[{"embeddable":true,"href":"https:\/\/glocknerstrasse.at\/en\/wp-json\/wp\/v2\/comments?post=100"}],"version-history":[{"count":10,"href":"https:\/\/glocknerstrasse.at\/en\/wp-json\/wp\/v2\/pages\/100\/revisions"}],"predecessor-version":[{"id":671,"href":"https:\/\/glocknerstrasse.at\/en\/wp-json\/wp\/v2\/pages\/100\/revisions\/671"}],"wp:attachment":[{"href":"https:\/\/glocknerstrasse.at\/en\/wp-json\/wp\/v2\/media?parent=100"}],"curies":[{"name":"wp","href":"https:\/\/api.w.org\/{rel}","templated":true}]}}